
{"id":51,"date":"2020-12-21T11:47:46","date_gmt":"2020-12-21T08:47:46","guid":{"rendered":"https:\/\/www.arc.com.tr\/?page_id=51"},"modified":"2026-02-01T20:24:49","modified_gmt":"2026-02-01T17:24:49","slug":"turquality","status":"publish","type":"page","link":"https:\/\/www.arc.com.tr\/index.php\/turquality\/","title":{"rendered":"TURQUALITY"},"content":{"rendered":"\n<h3><\/h3>\n\n\n\n<figure class=\"wp-block-image is-resized is-style-default\"><img loading=\"lazy\" src=\"https:\/\/static.wixstatic.com\/media\/b0afd4_358908401a314cedbe85a2dd3b504878~mv2.png\/v1\/fill\/w_564,h_338,al_c,q_85,usm_0.66_1.00_0.01\/b0afd4_358908401a314cedbe85a2dd3b504878~mv2.webp\" alt=\"\" width=\"564\" height=\"338\"\/><figcaption>ARC E\u011fitim &amp; Dan\u0131\u015fmanl\u0131k,\u00a0tecr\u00fcbeli ve odaklanm\u0131\u015f kadrosu ile\u00a0<strong>TURQUALITY<\/strong>\u00a0dan\u0131\u015fmanl\u0131\u011f\u0131nda etkili ve h\u0131zl\u0131\u00a0\u00e7\u00f6z\u00fcmler ile dan\u0131\u015fmanl\u0131k hizmetleri sunmaktad\u0131r.<br>\u00a0<br>ARC, onlarca firmaya <strong>TURQUALITY\u00ae<\/strong> belgesini kazand\u0131rm\u0131\u015f, halen pek \u00e7ok firmaya da gerek belge al\u0131m\u0131nda, gerekse belge sonras\u0131 dan\u0131\u015fmanl\u0131kta hizmet vermeye devam etmektedir. <br><br><strong>TURQUALITY\u00ae , D\u00fcnyan\u0131n devlet destekli ilk ve tek markala\u015fma program\u0131d\u0131r.<\/strong><br><strong>T<\/strong>\u00fcrkiye\u2019nin rekabet avantaj\u0131n\u0131 elinde bulundurdu\u011fu sekt\u00f6rlerde, markala\u015fma potansiyeli olan \u00fcr\u00fcn gruplar\u0131n\u0131 \u00fcretiminden pazarlamas\u0131na, sat\u0131\u015f\u0131ndan sat\u0131\u015f sonras\u0131 verilen hizmetlere kadar b\u00fct\u00fcn s\u00fcre\u00e7lerini kapsayan bir destek sistemi olu\u015fturularak, program kapsam\u0131ndaki i\u015fletme markalar\u0131n\u0131n konumland\u0131r\u0131lmas\u0131, konumlar\u0131n\u0131n g\u00fc\u00e7lendirilmesi ve bu markalar\u0131n uluslararas\u0131 pazarlara a\u00e7\u0131lmalar\u0131n\u0131n h\u0131zland\u0131r\u0131lmas\u0131 ile uluslararas\u0131 pazarlarda kaliteli T\u00fcrk mal\u0131 imaj\u0131n\u0131n olu\u015fturulmas\u0131 ve yerle\u015ftirilmesini ama\u00e7lamaktad\u0131r.<br>\u200b<br>Turquality ba\u015fvurusu \u00f6n ko\u015fullar\u0131n\u0131 sa\u011flayan firma ve markalar, de\u011ferlendirme kriterlerinin sonucuna g\u00f6re firman\u0131n Turquality veya Marka program\u0131 kapsam\u0131na al\u0131nmas\u0131 karar verilmektedir.\u00a0<br>\u00a0<br>DEVLET DESTEKLER\u0130 DANI\u015eMANLI\u011eI<br><strong>ARC Dan\u0131\u015fmanl\u0131k, Ticaret Bakanl\u0131\u011f\u0131 taraf\u0131ndan verilen t\u00fcm devlet destekleri konusunda da uzman kadrolar\u0131 ile 28 y\u0131ldan bu yana dan\u0131\u015fmanl\u0131k hizmetleri sunmaktad\u0131r.<\/strong><br><strong>\u200b<\/strong><br><strong>Destekler hakk\u0131nda T.C.Ticaret Bakanl\u0131\u011f\u0131\u2019n\u0131n ilgili sayfas\u0131na ula\u015fmak veya indirmek i\u00e7in a\u015fa\u011f\u0131daki linki t\u0131klay\u0131n\u0131z:<\/strong><br><br>https:\/\/ticaret.gov.tr\/destekler\/ihracat-destekleri\/5973-sayili-ihracat-destekleri-hakkinda-karara-iliskin-genelgeler\/marka-ve-turquality-destegi <\/figcaption><\/figure>\n\n\n\n<p><\/p>\n\n\n\n\n\n<figure class=\"wp-block-embed\"><div class=\"wp-block-embed__wrapper\">\nhttps:\/\/ticaret.gov.tr\/destekler\/ihracat-destekleri\/5973-sayili-ihracat-destekleri-hakkinda-karara-iliskin-genelgeler\/marka-ve-turquality-destegi\n<\/div><\/figure>\n\n\n\n<p><\/p>\n","protected":false},"excerpt":{"rendered":"<div class=\"slide-text-bg2\"><span><\/span><\/div>\n","protected":false},"author":1,"featured_media":0,"parent":0,"menu_order":0,"comment_status":"closed","ping_status":"closed","template":"","meta":[],"_links":{"self":[{"href":"https:\/\/www.arc.com.tr\/index.php\/wp-json\/wp\/v2\/pages\/51"}],"collection":[{"href":"https:\/\/www.arc.com.tr\/index.php\/wp-json\/wp\/v2\/pages"}],"about":[{"href":"https:\/\/www.arc.com.tr\/index.php\/wp-json\/wp\/v2\/types\/page"}],"author":[{"embeddable":true,"href":"https:\/\/www.arc.com.tr\/index.php\/wp-json\/wp\/v2\/users\/1"}],"replies":[{"embeddable":true,"href":"https:\/\/www.arc.com.tr\/index.php\/wp-json\/wp\/v2\/comments?post=51"}],"version-history":[{"count":10,"href":"https:\/\/www.arc.com.tr\/index.php\/wp-json\/wp\/v2\/pages\/51\/revisions"}],"predecessor-version":[{"id":578,"href":"https:\/\/www.arc.com.tr\/index.php\/wp-json\/wp\/v2\/pages\/51\/revisions\/578"}],"wp:attachment":[{"href":"https:\/\/www.arc.com.tr\/index.php\/wp-json\/wp\/v2\/media?parent=51"}],"curies":[{"name":"wp","href":"https:\/\/api.w.org\/{rel}","templated":true}]}}