
{"id":52,"date":"2020-12-21T11:48:10","date_gmt":"2020-12-21T08:48:10","guid":{"rendered":"https:\/\/www.arc.com.tr\/?page_id=52"},"modified":"2023-11-22T17:55:23","modified_gmt":"2023-11-22T14:55:23","slug":"yayincilik","status":"publish","type":"page","link":"https:\/\/www.arc.com.tr\/index.php\/yayincilik\/","title":{"rendered":"YAYINCILIK"},"content":{"rendered":"\n<figure class=\"wp-block-image\"><img src=\"https:\/\/static.wixstatic.com\/media\/b0afd4_35ebdd3435da46d5984a43b2d65a4553~mv2_d_3024_3420_s_4_2.jpg\/v1\/fill\/w_324,h_336,al_c,q_80,usm_0.66_1.00_0.01\/IMG_1201.webp\" alt=\"IMG_1201.jpg\"\/><\/figure>\n\n\n\n<h2><strong>ARC\u2019N\u0130N 8.YAYINI&nbsp;<\/strong><\/h2>\n\n\n\n<h2><strong>BU YAYIN SATI\u015eTADIR.<\/strong><\/h2>\n\n\n\n<h2><strong>350 TL (KDV dahil) &#8211; KARGO \u00dcCRETS\u0130Z<\/strong><\/h2>\n\n\n\n<h2><strong>Sat\u0131nalmak i\u00e7in: <\/strong>https:\/\/iyzi.link\/AGKhEQ<\/h2>\n\n\n\n<p><\/p>\n\n\n\n<p><\/p>\n\n\n\n<p><\/p>\n\n\n\n<h1>T\u00dcKENEN K\u0130TAPLAR<\/h1>\n\n\n\n<figure class=\"wp-block-image\"><img src=\"https:\/\/static.wixstatic.com\/media\/b0afd4_b74074518bdc4be2afbed79ad9245115~mv2.jpg\/v1\/fill\/w_350,h_374,al_c,lg_1,q_80\/Kitap_20150823202100_4007_10.webp\" alt=\"Kitap_20150823202100_4007_10.jpg\"\/><\/figure>\n\n\n\n<figure class=\"wp-block-image\"><img src=\"https:\/\/static.wixstatic.com\/media\/b0afd4_db985414d8c9447b8520437be88489f2~mv2.jpg\/v1\/fill\/w_350,h_376,al_c,lg_1,q_80\/Kitap_20151230103945_5497_13.webp\" alt=\"Kitap_20151230103945_5497_13.jpg\"\/><\/figure>\n\n\n\n<figure class=\"wp-block-image\"><img src=\"https:\/\/static.wixstatic.com\/media\/b0afd4_a88035752d1d40b090c21799c7cb909d~mv2.jpg\/v1\/fill\/w_264,h_280,al_c,lg_1,q_80\/62453_2.webp\" alt=\"62453_2.jpg\"\/><\/figure>\n\n\n\n<figure class=\"wp-block-image\"><img src=\"https:\/\/static.wixstatic.com\/media\/b0afd4_6203b0c50aca494aa53528e4533268ab~mv2.jpg\/v1\/fill\/w_350,h_375,al_c,lg_1,q_80\/Kitap_20140116141446_16141_7.webp\" alt=\"Kitap_20140116141446_16141_7.jpg\"\/><\/figure>\n\n\n\n<h1><\/h1>\n","protected":false},"excerpt":{"rendered":"<div class=\"slide-text-bg2\"><span>ARC\u2019N\u0130N 8.YAYINI&nbsp; BU YAYIN SATI\u015eTADIR. 350 TL (KDV dahil) &#8211; KARGO \u00dcCRETS\u0130Z Sat\u0131nalmak i\u00e7in: https:\/\/iyzi.link\/AGKhEQ T\u00dcKENEN K\u0130TAPLAR<\/span><\/div>\n","protected":false},"author":1,"featured_media":0,"parent":0,"menu_order":0,"comment_status":"closed","ping_status":"closed","template":"","meta":[],"_links":{"self":[{"href":"https:\/\/www.arc.com.tr\/index.php\/wp-json\/wp\/v2\/pages\/52"}],"collection":[{"href":"https:\/\/www.arc.com.tr\/index.php\/wp-json\/wp\/v2\/pages"}],"about":[{"href":"https:\/\/www.arc.com.tr\/index.php\/wp-json\/wp\/v2\/types\/page"}],"author":[{"embeddable":true,"href":"https:\/\/www.arc.com.tr\/index.php\/wp-json\/wp\/v2\/users\/1"}],"replies":[{"embeddable":true,"href":"https:\/\/www.arc.com.tr\/index.php\/wp-json\/wp\/v2\/comments?post=52"}],"version-history":[{"count":15,"href":"https:\/\/www.arc.com.tr\/index.php\/wp-json\/wp\/v2\/pages\/52\/revisions"}],"predecessor-version":[{"id":439,"href":"https:\/\/www.arc.com.tr\/index.php\/wp-json\/wp\/v2\/pages\/52\/revisions\/439"}],"wp:attachment":[{"href":"https:\/\/www.arc.com.tr\/index.php\/wp-json\/wp\/v2\/media?parent=52"}],"curies":[{"name":"wp","href":"https:\/\/api.w.org\/{rel}","templated":true}]}}