
{"id":61,"date":"2020-12-21T11:49:41","date_gmt":"2020-12-21T08:49:41","guid":{"rendered":"https:\/\/www.arc.com.tr\/?page_id=61"},"modified":"2020-12-21T11:49:41","modified_gmt":"2020-12-21T08:49:41","slug":"egitimler","status":"publish","type":"page","link":"https:\/\/www.arc.com.tr\/index.php\/egitimler\/","title":{"rendered":"E\u011fitimler"},"content":{"rendered":"\n<p><strong>ANA KATEGOR\u0130LER<\/strong><\/p>\n\n\n\n<p><strong>K\u0130\u015e\u0130SEL GEL\u0130\u015e\u0130M VE Y\u00d6NET\u0130M BECER\u0130LER\u0130<\/strong><\/p>\n\n\n\n<p><strong>SATI\u015e ve PAZARLAMA TEKN\u0130KLER\u0130<\/strong><\/p>\n\n\n\n<p><strong>MUHASEBE ve F\u0130NANS<\/strong><\/p>\n\n\n\n<p><strong>DI\u015e T\u0130CARET<\/strong><\/p>\n\n\n\n<p><strong>LOJ\u0130ST\u0130K VE TEDAR\u0130K Z\u0130NC\u0130R\u0130 Y\u00d6NET\u0130M\u0130<\/strong><\/p>\n\n\n\n<p><strong>S A T I N A L M A<\/strong><\/p>\n\n\n\n<p><strong>KAL\u0130TE ve \u00dcRET\u0130M<\/strong><\/p>\n\n\n\n<p><strong>\u00c7ALI\u015eMA MEVZUATI<\/strong><\/p>\n\n\n\n<p><strong>HUKUK<\/strong><\/p>\n\n\n\n<p><strong>BANKA<\/strong><\/p>\n\n\n\n<p><strong>ISO 9001:2008 KAL\u0130TE BELGES\u0130<\/strong><\/p>\n\n\n\n<p><strong>BORSA<\/strong><\/p>\n\n\n\n<p><strong>K\u0130\u015e\u0130SEL GEL\u0130\u015e\u0130M VE Y\u00d6NET\u0130M BECER\u0130LER\u0130<\/strong><\/p>\n\n\n\n<p>5 S EVRAK Y\u00d6NET\u0130M\u0130<\/p>\n\n\n\n<p>AYRICALIKLI H\u0130ZMET\u0130N ANAHTARI<\/p>\n\n\n\n<p>B\u0130Z B\u0130R EK\u0130B\u0130Z<\/p>\n\n\n\n<p>CALL CENTER<\/p>\n\n\n\n<p>CESUR SUNUCU<\/p>\n\n\n\n<p>COACHING<\/p>\n\n\n\n<p>\u00c7ATI\u015eMALARI \u00c7\u00d6Z\u00dcMLEME YOLLARI<\/p>\n\n\n\n<p>DUYGUSAL ZEK\u00c2<\/p>\n\n\n\n<p>E\u011e\u0130T\u0130C\u0130LER\u0130N E\u011e\u0130T\u0130M\u0130<\/p>\n\n\n\n<p>ELEMAN SE\u00c7ME TEKN\u0130KLER\u0130 ve UYGULAMALI \u2018YETK\u0130NL\u0130K BAZLI M\u00dcLAKAT<\/p>\n\n\n\n<p>Y\u00d6NET\u0130M\u0130\u2019<\/p>\n\n\n\n<p>ETK\u0130L\u0130 VE G\u00dcZEL KONU\u015eMA, H\u0130TABET<\/p>\n\n\n\n<p>ETK\u0130L\u0130 SUNUM BECER\u0130LER\u0130<\/p>\n\n\n\n<p>ETK\u0130L\u0130 ZAMAN ve STRESS\u0130Z YA\u015eAM Y\u00d6NET\u0130M\u0130<\/p>\n\n\n\n<p>F&amp;B SERV\u0130S\u0130NDE M\u00dcKEMMELL\u0130K<\/p>\n\n\n\n<p>H\u0130ZMETTE M\u00dcKEMMELL\u0130K<\/p>\n\n\n\n<p>KAR\u0130YER Y\u00d6NET\u0130M\u0130<\/p>\n\n\n\n<p>\u0130K\u0130L\u0130 \u0130L\u0130\u015eK\u0130LER\u0130 GEL\u0130\u015eT\u0130RME YOLLARI<\/p>\n\n\n\n<p>\u0130LET\u0130\u015e\u0130M ve \u0130NSAN \u0130L\u0130\u015eK\u0130LER\u0130<\/p>\n\n\n\n<p>\u0130NSAN KAYNAKLARINDA B\u00dcT\u00dcNSEL YAKLA\u015eIM<\/p>\n\n\n\n<p>\u0130NSAN KAYNAKLARININ E\u011e\u0130T\u0130M ve GEL\u0130\u015e\u0130M\u0130<\/p>\n\n\n\n<p>\u0130NSAN KAYNAKLARI Y\u00d6NET\u0130M\u0130<\/p>\n\n\n\n<p>\u0130\u015eLETMELERDE TOPLAM KAL\u0130TE Y\u00d6NET\u0130M\u0130 ANLAYI\u015eI<\/p>\n\n\n\n<p>\u0130\u015e ORTAMINDA \u0130LET\u0130\u015e\u0130M, DAVRANI\u015e ve EK\u0130P \u00c7ALI\u015eMASI<\/p>\n\n\n\n<p>\u0130\u015e YA\u015eAMINDA K\u0130\u015e\u0130SEL \u0130MAJ<\/p>\n\n\n\n<p>\u0130\u015eYER\u0130NDE \u00d6ZEL YA\u015eAMIN KORUNMASI<\/p>\n\n\n\n<p>K\u0130\u015e\u0130SEL GEL\u0130\u015e\u0130MDE G\u00dcVEN\u0130 KAZANMA<\/p>\n\n\n\n<p>L\u0130DERL\u0130K, Y\u00d6NET\u0130C\u0130L\u0130K ve EK\u0130P \u00c7ALI\u015eMASI<\/p>\n\n\n\n<p>MOT\u0130VASYON<\/p>\n\n\n\n<p>M\u00dcLAKAT TEKN\u0130KLER\u0130<\/p>\n\n\n\n<p>M\u00dc\u015eTER\u0130 ile TELEFONDA ETK\u0130L\u0130 \u0130LET\u0130\u015e\u0130M<\/p>\n\n\n\n<p>M\u00dc\u015eTER\u0130 MEMNUN\u0130YET\u0130 TEKN\u0130KLER\u0130<\/p>\n\n\n\n<p>M\u00dc\u015eTER\u0130 MERKEZL\u0130 \u0130NSAN KAYNAKLARI Y\u00d6NET\u0130M\u0130<\/p>\n\n\n\n<p>M\u00dcZAKERE TEKN\u0130KLER\u0130<\/p>\n\n\n\n<p>OF\u0130S Y\u00d6NET\u0130M\u0130 ve \u0130LET\u0130\u015e\u0130M<\/p>\n\n\n\n<p>PERFORMANS Y\u00d6NET\u0130M\u0130<\/p>\n\n\n\n<p>PERSONEL SE\u00c7\u0130M\u0130NDE M\u00dcLAKAT TEKN\u0130KLER\u0130<\/p>\n\n\n\n<p>PROAKT\u0130F L\u0130DERL\u0130K<\/p>\n\n\n\n<p>PROFESYONEL \u0130MAJ<\/p>\n\n\n\n<p>PROFESYONEL Y\u00d6NET\u0130C\u0130 AS\u0130STANLI\u011eI<\/p>\n\n\n\n<p>M\u00dc\u015eTER\u0130 \u0130L\u0130\u015eK\u0130LER\u0130NDE ETK\u0130L\u0130L\u0130K ve DAVRANI\u015e KAZANDIRMA<\/p>\n\n\n\n<p>SEKRETERL\u0130K PROGRAMI<\/p>\n\n\n\n<p>S\u00d6ZL\u00dc ve YAZILI \u0130LET\u0130\u015e\u0130MDE RAPORLAMA<\/p>\n\n\n\n<p>STRES Y\u00d6NET\u0130M\u0130<\/p>\n\n\n\n<p>\u015e\u0130K\u00c2YET Y\u00d6NET\u0130M\u0130<\/p>\n\n\n\n<p>\u015e\u0130RKETLERDE VER\u0130ML\u0130L\u0130\u011e\u0130 ARTTIRMANIN YOLLARI<\/p>\n\n\n\n<p>TELEFONDA ETK\u0130L\u0130 \u0130LET\u0130\u015e\u0130M<\/p>\n\n\n\n<p>TEMEL Y\u00d6NET\u0130M BECER\u0130LER\u0130<\/p>\n\n\n\n<p>TOPLANTI Y\u00d6NET\u0130M\u0130<\/p>\n\n\n\n<p>\u00dcCRET Y\u00d6NET\u0130M\u0130 ve \u00d6D\u00dcLLEND\u0130RME<\/p>\n\n\n\n<p>YARATMA ve YARATICI OLMA TEKN\u0130KLER\u0130<\/p>\n\n\n\n<p>YEN\u0130DEN YAPILANMA ve G\u0130R\u0130\u015e\u0130MC\u0130L\u0130K<\/p>\n\n\n\n<p>YEN\u0130 REKABET ANLAYI\u015eI ve STRATEJ\u0130K Y\u00d6NET\u0130M<\/p>\n\n\n\n<p>Y\u00d6NET\u0130C\u0130 AS\u0130STANLI\u011eI ve ETK\u0130N SEKRETERL\u0130K<\/p>\n\n\n\n<p>Y\u00d6NETSEL L\u0130DERL\u0130K<\/p>\n\n\n\n<p>ZAMAN Y\u00d6NET\u0130M\u0130 VE PLANLI \u00c7ALI\u015eMA<\/p>\n\n\n\n<p><strong>SATI\u015e ve PAZARLAMA TEKN\u0130KLER\u0130<\/strong><\/p>\n\n\n\n<p>AKT\u0130F SATI\u015e TEKN\u0130KLER\u0130<\/p>\n\n\n\n<p>B\u0130REYSEL KAL\u0130TE<\/p>\n\n\n\n<p>CRM-M\u00dc\u015eTER\u0130 \u0130L\u0130\u015eK\u0130LER\u0130 Y\u00d6NET\u0130M\u0130<\/p>\n\n\n\n<p>\u00c7A\u011eDA\u015e PAZARLAMA ve SATI\u015e TEKN\u0130KLER\u0130<\/p>\n\n\n\n<p>D\u0130STR\u0130B\u00dcT\u00d6R-BAY\u0130-B\u00d6LGESEL EK\u0130P Y\u00d6NET\u0130M\u0130<\/p>\n\n\n\n<p>ETK\u0130L\u0130 PAZARLAMA ve SUNUM<\/p>\n\n\n\n<p>ETK\u0130N TAKIM \u00c7ALI\u015eMASI<\/p>\n\n\n\n<p>\u0130KNA TEKN\u0130KLER\u0130<\/p>\n\n\n\n<p>\u0130LER\u0130 SATI\u015e TEKN\u0130KLER\u0130(SPIN)<\/p>\n\n\n\n<p>KR\u0130Z D\u00d6NEM\u0130 PAZARLAMA TEKN\u0130KLER\u0130<\/p>\n\n\n\n<p>KURUMSAL SATI\u015e STRATEJ\u0130LER\u0130<\/p>\n\n\n\n<p>MOB\u0130L T\u0130CARET Y\u00d6NTEMLER\u0130<\/p>\n\n\n\n<p>MOT\u0130VASYON ve ETK\u0130N \u0130LET\u0130\u015e\u0130M<\/p>\n\n\n\n<p>M\u00dc\u015eTER\u0130 \u0130L\u0130\u015eK\u0130LER\u0130NDE H\u0130ZMET KAL\u0130TES\u0130N\u0130 GEL\u0130\u015eT\u0130RME<\/p>\n\n\n\n<p>M\u00dc\u015eTER\u0130 ODAKLI SATI\u015e TEKN\u0130KLER\u0130<\/p>\n\n\n\n<p>PAZARLAMA PLANI ve UYGULAMALARI<\/p>\n\n\n\n<p>PAZARLIK-\u0130KNA-M\u00dcZAKERE BECER\u0130LER\u0130N\u0130 GEL\u0130\u015eT\u0130RME<\/p>\n\n\n\n<p>PERAKENDEC\u0130L\u0130KTE SUNUM ve SATI\u015e<\/p>\n\n\n\n<p>PROMOSYON \u00c7ALI\u015eMALARI ve PERAKENDEC\u0130L\u0130KTE ETK\u0130N Y\u00d6NET\u0130M<\/p>\n\n\n\n<p>SATI\u015e BECER\u0130LER\u0130N\u0130 GEL\u0130\u015eT\u0130RME(Uygulamal\u0131 Sat\u0131c\u0131l\u0131k)<\/p>\n\n\n\n<p>SATI\u015e EK\u0130B\u0130 Y\u00d6NET\u0130M\u0130<\/p>\n\n\n\n<p>SATI\u015eIN YEN\u0130 PS\u0130KOLOJ\u0130S\u0130<\/p>\n\n\n\n<p>SATI\u015e SONRASI M\u00dc\u015eTER\u0130 MEMNUN\u0130YET\u0130<\/p>\n\n\n\n<p>SATI\u015eTA BA\u015eARIYI SA\u011eLAMA<\/p>\n\n\n\n<p>SATI\u015eTA EK\u0130P \u00c7ALI\u015eMASI<\/p>\n\n\n\n<p>SATI\u015eTA ETK\u0130N Y\u00d6NET\u0130M<\/p>\n\n\n\n<p>SATI\u015eTA Z\u0130NC\u0130RLEME BA\u015eARI<\/p>\n\n\n\n<p>SATI\u015e TEKN\u0130KLER\u0130<\/p>\n\n\n\n<p>SATI\u015e ve PAZARLAMA<\/p>\n\n\n\n<p>SATI\u015e ve PAZARLAMADA HEDEF BEL\u0130RLEME ve UYGULAMA Y\u00d6NTEMLER\u0130<\/p>\n\n\n\n<p>SATI\u015e ve TE\u015eH\u0130R TANZ\u0130M TEKN\u0130KLER\u0130<\/p>\n\n\n\n<p>STRATEJ\u0130K PAZARLAMA<\/p>\n\n\n\n<p>TAKIM \u00c7ALI\u015eMASI ve L\u0130DERL\u0130K<\/p>\n\n\n\n<p>TAKIM \u00c7ALI\u015eMASI ve ETK\u0130N \u0130LET\u0130\u015e\u0130M OLU\u015eTURMA<\/p>\n\n\n\n<p>TAKIM Y\u00d6NET\u0130M\u0130<\/p>\n\n\n\n<p>TEMEL PAZARLAMA KAVRAMLARI<\/p>\n\n\n\n<p>ULUSLARARASI PAZARLAMA STRATEJ\u0130LER\u0130<\/p>\n\n\n\n<p>Y\u00d6NET\u0130MDE ETK\u0130NL\u0130K ve DURUMSAL L\u0130DERL\u0130K<\/p>\n\n\n\n<p>Z\u0130NC\u0130R MARKETLER ve BAY\u0130 A\u011eI \u0130L\u0130\u015eK\u0130LER ve SATI\u015e Y\u00d6NTEM\u0130<\/p>\n\n\n\n<p><strong>MUHASEBE ve F\u0130NANS<\/strong><\/p>\n\n\n\n<p>ALTERNAT\u0130F F\u0130NANSLAMA ARA\u00c7LARI ve MUHASEBELE\u015eT\u0130RLMES\u0130<\/p>\n\n\n\n<p>BEYANNAME D\u00dcZENLEME TEKN\u0130KLER\u0130<\/p>\n\n\n\n<p>B\u0130L\u00c2N\u00c7OLAR NASIL MAKYAJLANIR ve NASIL OKUNMALIDIR?<\/p>\n\n\n\n<p>\u0130LER\u0130 MUHASEBE<\/p>\n\n\n\n<p>DI\u015e T\u0130CARET MUHASEBES\u0130<\/p>\n\n\n\n<p>D\u00d6NEM SONU \u0130\u015eLEMLER\u0130<\/p>\n\n\n\n<p>EKONOM\u0130K DE\u011eER ANAL\u0130Z\u0130<\/p>\n\n\n\n<p>ENFLASYON MUHASEBES\u0130<\/p>\n\n\n\n<p>F\u0130NANSAL TABLO ANAL\u0130Z\u0130<\/p>\n\n\n\n<p>F\u0130NANSAL Y\u00d6NET\u0130M ve MAL\u0130 R\u0130SK Y\u00d6NET\u0130M\u0130<\/p>\n\n\n\n<p>F\u0130NANS MATEMAT\u0130\u011e\u0130<\/p>\n\n\n\n<p>F\u0130RMA DE\u011eER\u0130 TESB\u0130T Y\u00d6NTEMLER\u0130<\/p>\n\n\n\n<p>F\u0130Z\u0130B\u0130L\u0130TE RAPORLARINI HAZIRLAMA ESASLARI<\/p>\n\n\n\n<p>HER Y\u00d6NET\u0130C\u0130N\u0130N B\u0130LMES\u0130 GEREKEN TEMEL F\u0130NANSAL B\u0130LG\u0130LER<\/p>\n\n\n\n<p>\u0130\u015eLETMELERDE RAPORLAMA TEKN\u0130KLER\u0130<\/p>\n\n\n\n<p>\u0130LER\u0130 TEK D\u00dcZEN MUHASEBE UYGULAMALARI<\/p>\n\n\n\n<p>H\u0130ZMET ve T\u0130CAR\u0130 \u0130\u015eLETMELERDE B\u00dcT\u00c7E KONTROL\u00dc ve REV\u0130ZYON<\/p>\n\n\n\n<p>KAL\u0130TE MAL\u0130YETLER\u0130 ve MUHASEBELE\u015eT\u0130R\u0130LMES\u0130<\/p>\n\n\n\n<p>KURUM KAZANCINDAN VERG\u0130 MATRAHINA GE\u00c7\u0130\u015e<\/p>\n\n\n\n<p>\u0130N\u015eAAT \u0130\u015eLETMELER\u0130NDE MUHASEBE UYGULAMALARI<\/p>\n\n\n\n<p>MADD\u0130 DURAN VARLIKLARA \u0130L\u0130\u015eK\u0130N MUHASEBE \u0130\u015eLEMLER\u0130<\/p>\n\n\n\n<p>MAL\u0130 TABLOLAR ANAL\u0130Z\u0130<\/p>\n\n\n\n<p>MAL\u0130 TABLOLARIN FARKLI PARA B\u0130R\u0130MLER\u0130NE D\u00d6N\u00dc\u015eT\u00dcR\u00dcLMES\u0130<\/p>\n\n\n\n<p>MAL\u0130YET ANAL\u0130ZLER\u0130<\/p>\n\n\n\n<p>MAL\u0130YET MUHASEBES\u0130<\/p>\n\n\n\n<p>MUHASEBEDE \u00d6ZELL\u0130KL\u0130 \u0130\u015eLEMLER<\/p>\n\n\n\n<p>NAK\u0130T ALACAK ve Y\u00d6NET\u0130M\u0130<\/p>\n\n\n\n<p>PROJE F\u0130NANSMANI<\/p>\n\n\n\n<p>SERBEST B\u00d6LGE MUHASEBES\u0130<\/p>\n\n\n\n<p>STOKLARA \u0130L\u0130\u015eK\u0130N MUHASEBE \u0130\u015eLEMLER\u0130<\/p>\n\n\n\n<p>\u015e\u0130RKET EVL\u0130L\u0130KLER\u0130<\/p>\n\n\n\n<p>\u015e\u0130RKETLERDE \u0130\u00c7 DENET\u0130M<\/p>\n\n\n\n<p>TEMEL MUHASEBE<\/p>\n\n\n\n<p>T\u00dcREV \u00dcR\u00dcNLER\u0130N\u0130N MUHASEBELE\u015eT\u0130R\u0130LMES\u0130<\/p>\n\n\n\n<p>T\u00dcRK\u0130YE\u2019DE DE\u011eER BAZLI KR\u0130Z Y\u00d6NET\u0130M\u0130<\/p>\n\n\n\n<p>T\u00dcRK\u0130YE MUHASEBE STANDARTLARI \u0130LE ULUSLARARASI MUHASEBE STANDARTLARININ<\/p>\n\n\n\n<p>KAR\u015eILA\u015eTIRILMASI<\/p>\n\n\n\n<p>VERG\u0130 MEVZUATI, AVANTAJLARI ve UYGULAMALARI<\/p>\n\n\n\n<p>YATIRIM \u0130ND\u0130R\u0130M\u0130<\/p>\n\n\n\n<p>Y\u00d6NET\u0130M KARARLARINDA MUHASEBE B\u0130LG\u0130LER\u0130NDEN YARARLANMA<\/p>\n\n\n\n<p><strong>DI\u015e T\u0130CARET<\/strong><\/p>\n\n\n\n<p>AKRED\u0130T\u0130F HAKKINDA HER \u015eEY<\/p>\n\n\n\n<p>DI\u015e T\u0130CARET\u0130 B\u0130L\u0130YORUM SEM\u0130NER\u0130<\/p>\n\n\n\n<p>DAH\u0130LDE VE HAR\u0130\u00c7TE \u0130\u015eLEME REJ\u0130MLER\u0130<\/p>\n\n\n\n<p>DI\u015e T\u0130CARETTE F\u0130NANSMAN TEKN\u0130KLER\u0130<\/p>\n\n\n\n<p>DI\u015e T\u0130CARETTE SEVK\u0130YAT BELGELER\u0130<\/p>\n\n\n\n<p>EXIMBANK KRED\u0130 ve S\u0130GORTA PROGRAMLARI<\/p>\n\n\n\n<p>\u0130HRACATI ARTTIRMANIN YOLLARI<\/p>\n\n\n\n<p>\u0130HRACATTA DA\u011eITIM KANALLARI<\/p>\n\n\n\n<p>\u0130HRACAT TE\u015eV\u0130\u011e\u0130 ve DEVLET YARDIMLARI<\/p>\n\n\n\n<p>\u0130THALAT-\u0130HRACAT UYGULAMALARI<\/p>\n\n\n\n<p>LEASING ve FACTORING<\/p>\n\n\n\n<p>NAKL\u0130YAT S\u0130GORTALARI<\/p>\n\n\n\n<p>SERBEST B\u00d6LGELER\u0130N SA\u011eLADI\u011eI TE\u015eV\u0130K ve AVANTAJLAR<\/p>\n\n\n\n<p>UYGULAMALI G\u00dcMR\u00dcK MEVZUATI<\/p>\n\n\n\n<p>YATIRIM TE\u015eV\u0130KLER\u0130<\/p>\n\n\n\n<p><strong>LOJ\u0130ST\u0130K ve TEDAR\u0130K Z\u0130NC\u0130R\u0130 Y\u00d6NET\u0130M\u0130<\/strong><\/p>\n\n\n\n<p>DEPO Y\u00d6NET\u0130M\u0130<\/p>\n\n\n\n<p>LOJ\u0130ST\u0130K KONTRAT HAZIRLAMA Y\u00d6NET\u0130M\u0130<\/p>\n\n\n\n<p>LOJ\u0130ST\u0130K ve TEDAR\u0130K Z\u0130NC\u0130R\u0130<\/p>\n\n\n\n<p>MALZEME TEDAR\u0130K Y\u00d6NET\u0130M\u0130<\/p>\n\n\n\n<p>SATINALMA Y\u00d6NET\u0130M\u0130 ve SATINALMA S\u00dcRE\u00c7LER\u0130<\/p>\n\n\n\n<p>STOK Y\u00d6NET\u0130M\u0130<\/p>\n\n\n\n<p>TEDAR\u0130K Z\u0130NC\u0130R\u0130 Y\u00d6NET\u0130M\u0130&nbsp;(END\u00dcSTR\u0130 4.0 BAKI\u015e A\u00c7ISI)<\/p>\n\n\n\n<p>\u00dcR\u00dcN DA\u011eITIM Y\u00d6NET\u0130M\u0130<\/p>\n\n\n\n<p><strong>SATINALMA<\/strong><\/p>\n\n\n\n<p>SATINALMA VE SATI\u015eTA S\u00d6ZLE\u015eME Y\u00d6NET\u0130M\u0130<\/p>\n\n\n\n<p>SATINALMA S\u00dcRE\u00c7LER\u0130 VE&nbsp; UYGULAMALARI Y\u00d6NET\u0130M\u0130<\/p>\n\n\n\n<p>S\u00dcRD\u00dcR\u00dcLEB\u0130L\u0130R SATINALMA<\/p>\n\n\n\n<p><strong>KAL\u0130TE ve \u00dcRET\u0130M<\/strong><\/p>\n\n\n\n<p>DE\u011eER ANAL\u0130Z\u0130 \/ DE\u011eER M\u00dcHEND\u0130SL\u0130\u011e\u0130<\/p>\n\n\n\n<p>HATA T\u00dcR\u00dc ve ETK\u0130LER\u0130 ANAL\u0130Z\u0130(FMEA)<\/p>\n\n\n\n<p>KAL\u0130TE MAL\u0130YETLER\u0130<\/p>\n\n\n\n<p>PROBLEM \u00c7\u00d6ZME TEKN\u0130KLER\u0130 ve VER\u0130ML\u0130L\u0130K<\/p>\n\n\n\n<p>PROSESTE HATA T\u00dcR\u00dc ve ETK\u0130LER\u0130 ANAL\u0130Z\u0130(PROSES FMEA)<\/p>\n\n\n\n<p>STRATEJ\u0130K PLANLAMA<\/p>\n\n\n\n<p>TOPLAM KAL\u0130TE Y\u00d6NET\u0130M\u0130N\u0130N TEMELLER\u0130<\/p>\n\n\n\n<p>TOPLAM KAL\u0130TE Y\u00d6NET\u0130M\u0130N\u0130N UYGULANMASI<\/p>\n\n\n\n<p>TOPLAM KAL\u0130TE Y\u00d6NET\u0130M\u0130 ve KAL\u0130TE G\u00dcVENCE S\u0130STEM\u0130<\/p>\n\n\n\n<p>VER\u0130ML\u0130L\u0130K ARTIRMA PROJES\u0130 -VAP-Y\u00d6NET\u0130C\u0130S\u0130 SERT\u0130F\u0130KA PROGRAMI<\/p>\n\n\n\n<p>6 S\u0130GMA<\/p>\n\n\n\n<p>KURUMSALLA\u015eMA&nbsp;&nbsp;&nbsp;&nbsp;&nbsp;&nbsp;&nbsp;&nbsp;&nbsp;&nbsp;&nbsp;&nbsp;&nbsp;&nbsp;&nbsp;&nbsp;&nbsp;&nbsp;&nbsp;&nbsp;&nbsp;&nbsp;&nbsp;&nbsp;&nbsp;&nbsp;&nbsp;&nbsp;&nbsp;&nbsp;&nbsp;&nbsp;&nbsp;&nbsp;&nbsp;&nbsp;&nbsp;&nbsp;&nbsp;&nbsp;&nbsp;&nbsp;&nbsp;&nbsp;&nbsp;&nbsp;&nbsp;&nbsp;&nbsp;&nbsp;&nbsp;&nbsp;&nbsp;&nbsp;&nbsp;&nbsp;&nbsp;<\/p>\n\n\n\n<p>\u0130\u015e S\u00dcRE\u00c7LER\u0130 Y\u00d6NET\u0130M\u0130 VE\u0130Y\u0130LE\u015eT\u0130RMES\u0130 VE S\u00dcRE\u00c7 YEN\u0130DEN TASARIMI<\/p>\n\n\n\n<p>BPM-BPI-BPR SEM\u0130NER\u0130<\/p>\n\n\n\n<p>S\u00dcRE\u00c7 Y\u00d6NET\u0130M\u0130<\/p>\n\n\n\n<p>PROJE Y\u00d6NET\u0130M\u0130<\/p>\n\n\n\n<p>TEKNOLOJ\u0130 VE YEN\u0130L\u0130K Y\u00d6NET\u0130M\u0130<\/p>\n\n\n\n<p><strong>\u00c7ALI\u015eMA MEVZUATI<\/strong><\/p>\n\n\n\n<p>4857 SAYILI YEN\u0130 \u0130\u015e YASASI UYGULAMALARI ve \u0130\u015e G\u00dcVENCES\u0130\u2019NDE YEN\u0130 D\u00dcZENLEMELER<\/p>\n\n\n\n<p>\u0130\u015eC\u0130 SA\u011eLI\u011eI ve \u0130\u015e G\u00dcVENL\u0130\u011e\u0130<\/p>\n\n\n\n<p>SSK MEVZUATI ve UYGULAMALARI<\/p>\n\n\n\n<p>SSK UYGULAMALARI 01.05.2004 TAR\u0130H\u0130NDE Y\u00dcR\u00dcRL\u00dc\u011eE G\u0130REN SON DE\u011e\u0130\u015e\u0130KL\u0130KLER ve EB\u0130LD\u0130RGE<\/p>\n\n\n\n<p>UYGULAMALARI<\/p>\n\n\n\n<p>YEN\u0130 \u0130\u015e G\u00dcVENL\u0130\u011e\u0130 YASASI<\/p>\n\n\n\n<p><strong>HUKUK<\/strong><\/p>\n\n\n\n<p>GAYR\u0130MENKUL HUKUKU ve TEMEL UYGULAMALAR<\/p>\n\n\n\n<p>\u0130CRA ve \u0130FLAS HUKUKU TEMEL B\u0130LG\u0130LER\u0130<\/p>\n\n\n\n<p>\u0130\u015e G\u00dcVENCES\u0130 UYGULAMALARINDA \u0130\u015e AKD\u0130N\u0130N FESH\u0130 ve SONU\u00c7LARI<\/p>\n\n\n\n<p>\u0130\u015e HUKUKUNDA \u0130\u015e\u00c7\u0130 SA\u011eLI\u011eI ve \u0130\u015e\u00c7\u0130 G\u00dcVENL\u0130\u011e\u0130<\/p>\n\n\n\n<p>LEASING UYGULAMALARINDA VERG\u0130<\/p>\n\n\n\n<p>REKABET YASASI ve UYGULAMALARI<\/p>\n\n\n\n<p>YEN\u0130 YASA \u00c7ER\u00c7EVES\u0130NDE \u0130\u015e HUKUKUK<\/p>\n\n\n\n<p><strong>BANKACILIK<\/strong><\/p>\n\n\n\n<p>21.Y\u00dcZYIL D\u00dcNYA BANKACILI\u011eI<\/p>\n\n\n\n<p>AB BANKACILI\u011eI<\/p>\n\n\n\n<p>BANKA B\u0130L\u00c2N\u00c7O ANAL\u0130Z\u0130<\/p>\n\n\n\n<p>BANKA MUHASEBES\u0130<\/p>\n\n\n\n<p>BANKALARDA AKT\u0130F-PAS\u0130F GET\u0130R\u0130S\u0130-PAS\u0130F MAL\u0130YET\u0130 HES. Ve F\u0130YATLANDIRMA<\/p>\n\n\n\n<p>BANKALARDA AKT\u0130F-PAS\u0130F Y\u00d6NET\u0130M\u0130<\/p>\n\n\n\n<p>BANKALARDA OPERASYONEL \u0130\u015eLEMLER<\/p>\n\n\n\n<p>BANKALARDA R\u0130SK Y\u00d6NET\u0130M\u0130<\/p>\n\n\n\n<p>BANKALARDA \u015eUBE PERFORMANS DE\u011eERLEND\u0130RME Y\u00d6NTEMLER\u0130<\/p>\n\n\n\n<p>BANKALAR KANUNU<\/p>\n\n\n\n<p>BANKA R\u0130SK DERECELEND\u0130R\u0130LMES\u0130(RATING)<\/p>\n\n\n\n<p>B\u0130REYSEL BANKACILIK<\/p>\n\n\n\n<p>D\u00dc\u015e\u00dcK ENFLASYONA GE\u00c7\u0130\u015e S\u00dcREC\u0130NDE BANKACILAR \u0130\u00c7\u0130N STRATEJ\u0130LER<\/p>\n\n\n\n<p>GENEL BANKACILIK<\/p>\n\n\n\n<p>KRED\u0130LER ve MAL\u0130 ANAL\u0130Z<\/p>\n\n\n\n<p>KRED\u0130 TALEPLER\u0130N\u0130N DE\u011eERLEND\u0130R\u0130LMES\u0130<\/p>\n\n\n\n<p>MAL\u0130 TABLOLAR ANAL\u0130Z\u0130<\/p>\n\n\n\n<p>\u015eUBE Y\u00d6NET\u0130C\u0130LER\u0130 \u0130\u00c7\u0130N F\u0130NANSAL B\u0130LG\u0130LER<\/p>\n\n\n\n<p>TEMEL BANKACILIK B\u0130LG\u0130LER\u0130<\/p>\n\n\n\n<p>T\u00dcRK BANKACILIK SEKT\u00d6R\u00dcNDEK\u0130 GEL\u0130\u015eMELER ve BEKLENT\u0130LER<\/p>\n\n\n\n<p><strong>BORSA<\/strong><\/p>\n\n\n\n<p>TEKN\u0130K ANAL\u0130Z VE \u0130MKB\u2019 DE UYGULAMALARI<\/p>\n\n\n\n<p><strong>ISO 9001:2008 KAL\u0130TE Y\u00d6NET\u0130M\u0130 E\u011e\u0130T\u0130M\u0130<\/strong><\/p>\n\n\n\n<p>ISO 9001:2008 KYS, DOK\u00dcMANTASYONU VE S\u00dcRE\u00c7LER\u0130<\/p>\n\n\n\n<p>ISO 9001 KAL\u0130TE Y\u00d6NET\u0130M S\u0130STEM\u0130 \u0130\u00c7 DENET\u00c7\u0130 E\u011e\u0130T\u0130M\u0130<\/p>\n","protected":false},"excerpt":{"rendered":"<div class=\"slide-text-bg2\"><span>ANA KATEGOR\u0130LER K\u0130\u015e\u0130SEL GEL\u0130\u015e\u0130M VE Y\u00d6NET\u0130M BECER\u0130LER\u0130 SATI\u015e ve PAZARLAMA TEKN\u0130KLER\u0130 MUHASEBE ve F\u0130NANS DI\u015e T\u0130CARET LOJ\u0130ST\u0130K VE TEDAR\u0130K <\/span><\/div>\n<div class=\"slide-btn-area-sm\"><a href=\"https:\/\/www.arc.com.tr\/index.php\/egitimler\/\" class=\"slide-btn-sm\">Devam\u0131n\u0131 oku<\/a><\/div>\n","protected":false},"author":1,"featured_media":0,"parent":0,"menu_order":0,"comment_status":"closed","ping_status":"closed","template":"","meta":[],"_links":{"self":[{"href":"https:\/\/www.arc.com.tr\/index.php\/wp-json\/wp\/v2\/pages\/61"}],"collection":[{"href":"https:\/\/www.arc.com.tr\/index.php\/wp-json\/wp\/v2\/pages"}],"about":[{"href":"https:\/\/www.arc.com.tr\/index.php\/wp-json\/wp\/v2\/types\/page"}],"author":[{"embeddable":true,"href":"https:\/\/www.arc.com.tr\/index.php\/wp-json\/wp\/v2\/users\/1"}],"replies":[{"embeddable":true,"href":"https:\/\/www.arc.com.tr\/index.php\/wp-json\/wp\/v2\/comments?post=61"}],"version-history":[{"count":1,"href":"https:\/\/www.arc.com.tr\/index.php\/wp-json\/wp\/v2\/pages\/61\/revisions"}],"predecessor-version":[{"id":62,"href":"https:\/\/www.arc.com.tr\/index.php\/wp-json\/wp\/v2\/pages\/61\/revisions\/62"}],"wp:attachment":[{"href":"https:\/\/www.arc.com.tr\/index.php\/wp-json\/wp\/v2\/media?parent=61"}],"curies":[{"name":"wp","href":"https:\/\/api.w.org\/{rel}","templated":true}]}}